{"id":4977,"date":"2021-08-15T18:25:58","date_gmt":"2021-08-15T15:25:58","guid":{"rendered":"http:\/\/mattress-fabrics.com\/?post_type=product&#038;p=4977"},"modified":"2026-04-08T00:29:44","modified_gmt":"2026-04-07T21:29:44","slug":"atls-ik-06","status":"publish","type":"product","link":"https:\/\/mattress-fabrics.com\/fr\/product\/atls-ik-06\/","title":{"rendered":"ATLS-IK-06"},"content":{"rendered":"","protected":false},"excerpt":{"rendered":"<table style=\"height: 231px;\" width=\"752\">\n<tbody>\n<tr>\n<td colspan=\"6\" width=\"394\">L&rsquo;interlock est un type de tissu produit dans des machines \u00e0 tricoter circulaires.<\/td>\n<\/tr>\n<tr>\n<td colspan=\"5\">Il constitue une alternative \u00e9conomique aux tissus 3D<\/td>\n<\/tr>\n<tr>\n<td colspan=\"5\">Peuvent \u00eatre utilis\u00e9s comme tissus d&rsquo;int\u00e9rieur ou de bordure.<\/td>\n<\/tr>\n<tr>\n<td colspan=\"5\">Diff\u00e9rentes options de couleur et largeur de 210 cm \u00e0 235 cm<\/td>\n<\/tr>\n<\/tbody>\n<\/table>\n","protected":false},"featured_media":4967,"template":"","meta":[],"product_cat":[209,205],"product_tag":[],"class_list":["post-4977","product","type-product","status-publish","has-post-thumbnail","hentry","product_cat-interlock","product_cat-knitted-fabrics","pa_knitted-fabrics-9-interlock","col-xs-6 col-sm-4","col-md-3 col-lg-3","un-4-cols"],"_links":{"self":[{"href":"https:\/\/mattress-fabrics.com\/fr\/wp-json\/wp\/v2\/product\/4977","targetHints":{"allow":["GET"]}}],"collection":[{"href":"https:\/\/mattress-fabrics.com\/fr\/wp-json\/wp\/v2\/product"}],"about":[{"href":"https:\/\/mattress-fabrics.com\/fr\/wp-json\/wp\/v2\/types\/product"}],"wp:featuredmedia":[{"embeddable":true,"href":"https:\/\/mattress-fabrics.com\/fr\/wp-json\/wp\/v2\/media\/4967"}],"wp:attachment":[{"href":"https:\/\/mattress-fabrics.com\/fr\/wp-json\/wp\/v2\/media?parent=4977"}],"wp:term":[{"taxonomy":"product_cat","embeddable":true,"href":"https:\/\/mattress-fabrics.com\/fr\/wp-json\/wp\/v2\/product_cat?post=4977"},{"taxonomy":"product_tag","embeddable":true,"href":"https:\/\/mattress-fabrics.com\/fr\/wp-json\/wp\/v2\/product_tag?post=4977"}],"curies":[{"name":"wp","href":"https:\/\/api.w.org\/{rel}","templated":true}]}}