{"id":4986,"date":"2021-08-11T18:29:40","date_gmt":"2021-08-11T15:29:40","guid":{"rendered":"http:\/\/mattress-fabrics.com\/?post_type=product&#038;p=4986"},"modified":"2026-04-08T00:29:45","modified_gmt":"2026-04-07T21:29:45","slug":"plush-knitted-fabrics-2","status":"publish","type":"product","link":"https:\/\/mattress-fabrics.com\/fr\/product\/plush-knitted-fabrics-2\/","title":{"rendered":"Plush Knitted Fabrics 2"},"content":{"rendered":"","protected":false},"excerpt":{"rendered":"<table style=\"height: 48px;\" width=\"706\">\n<tbody>\n<tr>\n<td width=\"129\">Peut-\u00eatre utilis\u00e9 comme prot\u00e8ge-matelas, matelas de b\u00e9b\u00e9, house d&rsquo;oreiller et des autres besoins.<\/td>\n<\/tr>\n<\/tbody>\n<\/table>\n","protected":false},"featured_media":4985,"template":"","meta":[],"product_cat":[205,213],"product_tag":[],"class_list":["post-4986","product","type-product","status-publish","has-post-thumbnail","hentry","product_cat-knitted-fabrics","product_cat-plush-knitted-fabrics","pa_knitted-fabrics-13-plush-knitted-fabrics","col-xs-6 col-sm-4","col-md-3 col-lg-3","un-4-cols"],"_links":{"self":[{"href":"https:\/\/mattress-fabrics.com\/fr\/wp-json\/wp\/v2\/product\/4986","targetHints":{"allow":["GET"]}}],"collection":[{"href":"https:\/\/mattress-fabrics.com\/fr\/wp-json\/wp\/v2\/product"}],"about":[{"href":"https:\/\/mattress-fabrics.com\/fr\/wp-json\/wp\/v2\/types\/product"}],"wp:featuredmedia":[{"embeddable":true,"href":"https:\/\/mattress-fabrics.com\/fr\/wp-json\/wp\/v2\/media\/4985"}],"wp:attachment":[{"href":"https:\/\/mattress-fabrics.com\/fr\/wp-json\/wp\/v2\/media?parent=4986"}],"wp:term":[{"taxonomy":"product_cat","embeddable":true,"href":"https:\/\/mattress-fabrics.com\/fr\/wp-json\/wp\/v2\/product_cat?post=4986"},{"taxonomy":"product_tag","embeddable":true,"href":"https:\/\/mattress-fabrics.com\/fr\/wp-json\/wp\/v2\/product_tag?post=4986"}],"curies":[{"name":"wp","href":"https:\/\/api.w.org\/{rel}","templated":true}]}}