{"id":4991,"date":"2021-08-12T18:29:44","date_gmt":"2021-08-12T15:29:44","guid":{"rendered":"http:\/\/mattress-fabrics.com\/?post_type=product&#038;p=4991"},"modified":"2021-09-28T17:04:49","modified_gmt":"2021-09-28T14:04:49","slug":"pvc-pu-2","status":"publish","type":"product","link":"https:\/\/mattress-fabrics.com\/fr\/product\/pvc-pu-2\/","title":{"rendered":"PVC PU 2"},"content":{"rendered":"","protected":false},"excerpt":{"rendered":"<table style=\"height: 192px;\" width=\"566\">\n<tbody>\n<tr>\n<td width=\"129\">Tissus lamin\u00e9s en polychlorure de vinyle (PVC) et en polyur\u00e9thane (PU)<\/td>\n<\/tr>\n<tr>\n<td>Perm\u00e9abilit\u00e9 \u00e0 l&rsquo;air<\/td>\n<\/tr>\n<tr>\n<td>Imperm\u00e9able aux liquides<\/td>\n<\/tr>\n<tr>\n<td>Anti-bact\u00e9rien, anti-fongique et ininflammable.<\/td>\n<\/tr>\n<tr>\n<td>Adapt\u00e9 au secteur m\u00e9dical, maritime et ext\u00e9rieur<\/td>\n<\/tr>\n<\/tbody>\n<\/table>\n","protected":false},"featured_media":4988,"template":"","meta":[],"product_cat":[205,212],"product_tag":[],"class_list":["post-4991","product","type-product","status-publish","has-post-thumbnail","hentry","product_cat-knitted-fabrics","product_cat-pvc-pu-fabrics","pa_knitted-fabrics-12-pvc-pu-fabrics","col-xs-6 col-sm-4","col-md-3 col-lg-3","un-4-cols"],"_links":{"self":[{"href":"https:\/\/mattress-fabrics.com\/fr\/wp-json\/wp\/v2\/product\/4991","targetHints":{"allow":["GET"]}}],"collection":[{"href":"https:\/\/mattress-fabrics.com\/fr\/wp-json\/wp\/v2\/product"}],"about":[{"href":"https:\/\/mattress-fabrics.com\/fr\/wp-json\/wp\/v2\/types\/product"}],"wp:featuredmedia":[{"embeddable":true,"href":"https:\/\/mattress-fabrics.com\/fr\/wp-json\/wp\/v2\/media\/4988"}],"wp:attachment":[{"href":"https:\/\/mattress-fabrics.com\/fr\/wp-json\/wp\/v2\/media?parent=4991"}],"wp:term":[{"taxonomy":"product_cat","embeddable":true,"href":"https:\/\/mattress-fabrics.com\/fr\/wp-json\/wp\/v2\/product_cat?post=4991"},{"taxonomy":"product_tag","embeddable":true,"href":"https:\/\/mattress-fabrics.com\/fr\/wp-json\/wp\/v2\/product_tag?post=4991"}],"curies":[{"name":"wp","href":"https:\/\/api.w.org\/{rel}","templated":true}]}}