{"id":5034,"date":"2021-08-19T18:28:32","date_gmt":"2021-08-19T15:28:32","guid":{"rendered":"http:\/\/mattress-fabrics.com\/?post_type=product&#038;p=5034"},"modified":"2026-04-08T00:29:44","modified_gmt":"2026-04-07T21:29:44","slug":"atls-sj-03","status":"publish","type":"product","link":"https:\/\/mattress-fabrics.com\/fr\/product\/atls-sj-03\/","title":{"rendered":"ATLS-SJ-03"},"content":{"rendered":"","protected":false},"excerpt":{"rendered":"<table style=\"height: 155px;\" width=\"568\">\n<tbody>\n<tr>\n<td colspan=\"6\" width=\"394\">L&rsquo;\u00e9chelle de poids est comprise entre 60 gr\/m2 et 100 gr\/m2.<\/td>\n<\/tr>\n<tr>\n<td>High flexibility<\/td>\n<\/tr>\n<tr>\n<td colspan=\"6\">G\u00e9n\u00e9ralement utilis\u00e9s comme housses int\u00e9rieures de matelas et d&rsquo;oreillers<\/td>\n<\/tr>\n<\/tbody>\n<\/table>\n","protected":false},"featured_media":5032,"template":"","meta":[],"product_cat":[205,219,207,218],"product_tag":[],"class_list":["post-5034","product","type-product","status-publish","has-post-thumbnail","hentry","product_cat-knitted-fabrics","product_cat-open-width","product_cat-single-jersey","product_cat-tube","pa_knitted-fabrics-7-open-width","pa_knitted-fabrics-6-tube","pa_knitted-fabrics-5-single-jersey","col-xs-6 col-sm-4","col-md-3 col-lg-3","un-4-cols"],"_links":{"self":[{"href":"https:\/\/mattress-fabrics.com\/fr\/wp-json\/wp\/v2\/product\/5034","targetHints":{"allow":["GET"]}}],"collection":[{"href":"https:\/\/mattress-fabrics.com\/fr\/wp-json\/wp\/v2\/product"}],"about":[{"href":"https:\/\/mattress-fabrics.com\/fr\/wp-json\/wp\/v2\/types\/product"}],"wp:featuredmedia":[{"embeddable":true,"href":"https:\/\/mattress-fabrics.com\/fr\/wp-json\/wp\/v2\/media\/5032"}],"wp:attachment":[{"href":"https:\/\/mattress-fabrics.com\/fr\/wp-json\/wp\/v2\/media?parent=5034"}],"wp:term":[{"taxonomy":"product_cat","embeddable":true,"href":"https:\/\/mattress-fabrics.com\/fr\/wp-json\/wp\/v2\/product_cat?post=5034"},{"taxonomy":"product_tag","embeddable":true,"href":"https:\/\/mattress-fabrics.com\/fr\/wp-json\/wp\/v2\/product_tag?post=5034"}],"curies":[{"name":"wp","href":"https:\/\/api.w.org\/{rel}","templated":true}]}}