{"id":5114,"date":"2021-08-10T18:19:57","date_gmt":"2021-08-10T15:19:57","guid":{"rendered":"http:\/\/mattress-fabrics.com\/?post_type=product&#038;p=5114"},"modified":"2021-09-28T17:48:25","modified_gmt":"2021-09-28T14:48:25","slug":"atls-jk-12","status":"publish","type":"product","link":"https:\/\/mattress-fabrics.com\/fr\/product\/atls-jk-12\/","title":{"rendered":"ATLS-JK-12"},"content":{"rendered":"","protected":false},"excerpt":{"rendered":"<table style=\"height: 87px;\" width=\"602\">\n<tbody>\n<tr>\n<td width=\"136\">Production en de 6 \u00e0 13 densit\u00e9 du tissage en qualit\u00e9s PES, PES PP, Coton, Viscos<\/td>\n<\/tr>\n<tr>\n<td>Diff\u00e9rentes options de design et de qualit\u00e9<\/td>\n<\/tr>\n<\/tbody>\n<\/table>\n","protected":false},"featured_media":5094,"template":"","meta":[],"product_cat":[221,220],"product_tag":[],"class_list":["post-5114","product","type-product","status-publish","has-post-thumbnail","hentry","product_cat-jacquard","product_cat-woven-fabrics","pa_woven-fabrics-jacquard","col-xs-6 col-sm-4","col-md-3 col-lg-3","un-4-cols"],"_links":{"self":[{"href":"https:\/\/mattress-fabrics.com\/fr\/wp-json\/wp\/v2\/product\/5114","targetHints":{"allow":["GET"]}}],"collection":[{"href":"https:\/\/mattress-fabrics.com\/fr\/wp-json\/wp\/v2\/product"}],"about":[{"href":"https:\/\/mattress-fabrics.com\/fr\/wp-json\/wp\/v2\/types\/product"}],"wp:featuredmedia":[{"embeddable":true,"href":"https:\/\/mattress-fabrics.com\/fr\/wp-json\/wp\/v2\/media\/5094"}],"wp:attachment":[{"href":"https:\/\/mattress-fabrics.com\/fr\/wp-json\/wp\/v2\/media?parent=5114"}],"wp:term":[{"taxonomy":"product_cat","embeddable":true,"href":"https:\/\/mattress-fabrics.com\/fr\/wp-json\/wp\/v2\/product_cat?post=5114"},{"taxonomy":"product_tag","embeddable":true,"href":"https:\/\/mattress-fabrics.com\/fr\/wp-json\/wp\/v2\/product_tag?post=5114"}],"curies":[{"name":"wp","href":"https:\/\/api.w.org\/{rel}","templated":true}]}}