{"id":5505,"date":"2021-08-01T18:30:56","date_gmt":"2021-08-01T15:30:56","guid":{"rendered":"https:\/\/mattress-fabrics.com\/?post_type=product&#038;p=5505"},"modified":"2026-04-08T00:29:49","modified_gmt":"2026-04-07T21:29:49","slug":"steel-wire","status":"publish","type":"product","link":"https:\/\/mattress-fabrics.com\/fr\/product\/steel-wire\/","title":{"rendered":"Steel Wire"},"content":{"rendered":"","protected":false},"excerpt":{"rendered":"<table style=\"height: 266px;\" width=\"363\">\n<tbody>\n<tr>\n<td width=\"131\">Une large gamme de fils d&rsquo;acier allant de 1,20 mm \u00e0 5,00 mm de diam\u00e8tre est disponible.<\/td>\n<\/tr>\n<tr>\n<td>Les rouleaux peuvent varier de 100 kg \u00e0 900 kg<\/td>\n<\/tr>\n<tr>\n<td>Peut \u00eatre exp\u00e9di\u00e9s avec un carton de base et un emballage sp\u00e9cial r\u00e9sistant aux chocs.<\/td>\n<\/tr>\n<tr>\n<td>Le fil d&rsquo;acier de 25.000 KGS peut \u00eatre exp\u00e9di\u00e9 en conteneur 20 DC complet.<\/td>\n<\/tr>\n<tr>\n<td>Les produits de notre soci\u00e9t\u00e9 sont fabriqu\u00e9s conform\u00e9ment \u00e0 la norme TS2500-1 EN 10270-1<\/td>\n<\/tr>\n<\/tbody>\n<\/table>\n","protected":false},"featured_media":5509,"template":"","meta":[],"product_cat":[230,231,249],"product_tag":[],"class_list":["post-5505","product","type-product","status-publish","has-post-thumbnail","hentry","product_cat-components","product_cat-spring-units","product_cat-steel-wire","pa_knitted-fabrics-1-100-pes","pa_knitted-fabrics-0-double-jersey","col-xs-6 col-sm-4","col-md-3 col-lg-3","un-4-cols"],"_links":{"self":[{"href":"https:\/\/mattress-fabrics.com\/fr\/wp-json\/wp\/v2\/product\/5505","targetHints":{"allow":["GET"]}}],"collection":[{"href":"https:\/\/mattress-fabrics.com\/fr\/wp-json\/wp\/v2\/product"}],"about":[{"href":"https:\/\/mattress-fabrics.com\/fr\/wp-json\/wp\/v2\/types\/product"}],"wp:featuredmedia":[{"embeddable":true,"href":"https:\/\/mattress-fabrics.com\/fr\/wp-json\/wp\/v2\/media\/5509"}],"wp:attachment":[{"href":"https:\/\/mattress-fabrics.com\/fr\/wp-json\/wp\/v2\/media?parent=5505"}],"wp:term":[{"taxonomy":"product_cat","embeddable":true,"href":"https:\/\/mattress-fabrics.com\/fr\/wp-json\/wp\/v2\/product_cat?post=5505"},{"taxonomy":"product_tag","embeddable":true,"href":"https:\/\/mattress-fabrics.com\/fr\/wp-json\/wp\/v2\/product_tag?post=5505"}],"curies":[{"name":"wp","href":"https:\/\/api.w.org\/{rel}","templated":true}]}}