{"id":5511,"date":"2021-07-31T18:30:24","date_gmt":"2021-07-31T15:30:24","guid":{"rendered":"https:\/\/mattress-fabrics.com\/?post_type=product&#038;p=5511"},"modified":"2026-04-08T00:29:49","modified_gmt":"2026-04-07T21:29:49","slug":"bonel-spring","status":"publish","type":"product","link":"https:\/\/mattress-fabrics.com\/fr\/product\/bonel-spring\/","title":{"rendered":"Bonel Spring"},"content":{"rendered":"","protected":false},"excerpt":{"rendered":"<table style=\"height: 213px;\" width=\"401\">\n<tbody>\n<tr>\n<td width=\"131\">Les ressorts sont enroul\u00e9s en paquets d&rsquo;environ 25 kgs<\/td>\n<\/tr>\n<tr>\n<td>Palettis\u00e9s et couverts pour les prot\u00e9ger des effets ext\u00e9rieurs<\/td>\n<\/tr>\n<tr>\n<td>90 mm -180 mm option hauteur<\/td>\n<\/tr>\n<tr>\n<td>Les tailles des ressorts bonnell peuvent \u00eatre fabriqu\u00e9es en fonction des demandes des clients.<\/td>\n<\/tr>\n<\/tbody>\n<\/table>\n","protected":false},"featured_media":5512,"template":"","meta":[],"product_cat":[250,230,231],"product_tag":[],"class_list":["post-5511","product","type-product","status-publish","has-post-thumbnail","hentry","product_cat-bonnel-spring","product_cat-components","product_cat-spring-units","pa_knitted-fabrics-1-100-pes","pa_knitted-fabrics-0-double-jersey","col-xs-6 col-sm-4","col-md-3 col-lg-3","un-4-cols"],"_links":{"self":[{"href":"https:\/\/mattress-fabrics.com\/fr\/wp-json\/wp\/v2\/product\/5511","targetHints":{"allow":["GET"]}}],"collection":[{"href":"https:\/\/mattress-fabrics.com\/fr\/wp-json\/wp\/v2\/product"}],"about":[{"href":"https:\/\/mattress-fabrics.com\/fr\/wp-json\/wp\/v2\/types\/product"}],"wp:featuredmedia":[{"embeddable":true,"href":"https:\/\/mattress-fabrics.com\/fr\/wp-json\/wp\/v2\/media\/5512"}],"wp:attachment":[{"href":"https:\/\/mattress-fabrics.com\/fr\/wp-json\/wp\/v2\/media?parent=5511"}],"wp:term":[{"taxonomy":"product_cat","embeddable":true,"href":"https:\/\/mattress-fabrics.com\/fr\/wp-json\/wp\/v2\/product_cat?post=5511"},{"taxonomy":"product_tag","embeddable":true,"href":"https:\/\/mattress-fabrics.com\/fr\/wp-json\/wp\/v2\/product_tag?post=5511"}],"curies":[{"name":"wp","href":"https:\/\/api.w.org\/{rel}","templated":true}]}}