{"id":5517,"date":"2021-07-30T18:30:30","date_gmt":"2021-07-30T15:30:30","guid":{"rendered":"https:\/\/mattress-fabrics.com\/?post_type=product&#038;p=5517"},"modified":"2026-04-08T00:29:49","modified_gmt":"2026-04-07T21:29:49","slug":"pocket-spring","status":"publish","type":"product","link":"https:\/\/mattress-fabrics.com\/fr\/product\/pocket-spring\/","title":{"rendered":"Pocket Spring"},"content":{"rendered":"","protected":false},"excerpt":{"rendered":"<table style=\"height: 82px;\" width=\"321\">\n<tbody>\n<tr>\n<td width=\"131\">Peuvent \u00eatre pr\u00e9par\u00e9s comme 190 &#8211; 720 ressorts par m\u00e8tre carr\u00e9<\/td>\n<\/tr>\n<tr>\n<td>Nombre de tours 5 \u00e0 10 rotations<\/td>\n<\/tr>\n<tr>\n<td>Peuvent \u00eatre produits avec diff\u00e9rentes options de longueur, de diam\u00e8tre et de nombre de tours<\/td>\n<\/tr>\n<\/tbody>\n<\/table>\n","protected":false},"featured_media":5518,"template":"","meta":[],"product_cat":[230,251,231],"product_tag":[],"class_list":["post-5517","product","type-product","status-publish","has-post-thumbnail","hentry","product_cat-components","product_cat-pocket-spring","product_cat-spring-units","pa_knitted-fabrics-1-100-pes","pa_knitted-fabrics-0-double-jersey","col-xs-6 col-sm-4","col-md-3 col-lg-3","un-4-cols"],"_links":{"self":[{"href":"https:\/\/mattress-fabrics.com\/fr\/wp-json\/wp\/v2\/product\/5517","targetHints":{"allow":["GET"]}}],"collection":[{"href":"https:\/\/mattress-fabrics.com\/fr\/wp-json\/wp\/v2\/product"}],"about":[{"href":"https:\/\/mattress-fabrics.com\/fr\/wp-json\/wp\/v2\/types\/product"}],"wp:featuredmedia":[{"embeddable":true,"href":"https:\/\/mattress-fabrics.com\/fr\/wp-json\/wp\/v2\/media\/5518"}],"wp:attachment":[{"href":"https:\/\/mattress-fabrics.com\/fr\/wp-json\/wp\/v2\/media?parent=5517"}],"wp:term":[{"taxonomy":"product_cat","embeddable":true,"href":"https:\/\/mattress-fabrics.com\/fr\/wp-json\/wp\/v2\/product_cat?post=5517"},{"taxonomy":"product_tag","embeddable":true,"href":"https:\/\/mattress-fabrics.com\/fr\/wp-json\/wp\/v2\/product_tag?post=5517"}],"curies":[{"name":"wp","href":"https:\/\/api.w.org\/{rel}","templated":true}]}}