{"id":5523,"date":"2021-07-29T18:30:55","date_gmt":"2021-07-29T15:30:55","guid":{"rendered":"https:\/\/mattress-fabrics.com\/?post_type=product&#038;p=5523"},"modified":"2026-04-08T00:29:49","modified_gmt":"2026-04-07T21:29:49","slug":"memory-visco-foam","status":"publish","type":"product","link":"https:\/\/mattress-fabrics.com\/fr\/product\/memory-visco-foam\/","title":{"rendered":"Memory Visco Foam"},"content":{"rendered":"","protected":false},"excerpt":{"rendered":"<table style=\"height: 150px;\" width=\"318\">\n<tbody>\n<tr>\n<td width=\"131\">Gr\u00e2ce \u00e0 sa structure \u00e0 cellules ouvertes, elle est plus r\u00e9sistante aux bact\u00e9ries<\/td>\n<\/tr>\n<tr>\n<td>Peuvent \u00eatre produites de 32 dns \u00e0 80 dns<\/td>\n<\/tr>\n<tr>\n<td>Peuvent \u00eatre exp\u00e9di\u00e9es en paquet press\u00e9 ou en rouleau<\/td>\n<\/tr>\n<tr>\n<td>Une caract\u00e9ristique d&rsquo;ininflammabilit\u00e9 peut \u00eatre ajout\u00e9e sur demande pour 50 dns.<\/td>\n<\/tr>\n<\/tbody>\n<\/table>\n","protected":false},"featured_media":5526,"template":"","meta":[],"product_cat":[230,232,239],"product_tag":[],"class_list":["post-5523","product","type-product","status-publish","has-post-thumbnail","hentry","product_cat-components","product_cat-foam","product_cat-memory-visco-foam","pa_knitted-fabrics-1-100-pes","pa_knitted-fabrics-0-double-jersey","col-xs-6 col-sm-4","col-md-3 col-lg-3","un-4-cols"],"_links":{"self":[{"href":"https:\/\/mattress-fabrics.com\/fr\/wp-json\/wp\/v2\/product\/5523","targetHints":{"allow":["GET"]}}],"collection":[{"href":"https:\/\/mattress-fabrics.com\/fr\/wp-json\/wp\/v2\/product"}],"about":[{"href":"https:\/\/mattress-fabrics.com\/fr\/wp-json\/wp\/v2\/types\/product"}],"wp:featuredmedia":[{"embeddable":true,"href":"https:\/\/mattress-fabrics.com\/fr\/wp-json\/wp\/v2\/media\/5526"}],"wp:attachment":[{"href":"https:\/\/mattress-fabrics.com\/fr\/wp-json\/wp\/v2\/media?parent=5523"}],"wp:term":[{"taxonomy":"product_cat","embeddable":true,"href":"https:\/\/mattress-fabrics.com\/fr\/wp-json\/wp\/v2\/product_cat?post=5523"},{"taxonomy":"product_tag","embeddable":true,"href":"https:\/\/mattress-fabrics.com\/fr\/wp-json\/wp\/v2\/product_tag?post=5523"}],"curies":[{"name":"wp","href":"https:\/\/api.w.org\/{rel}","templated":true}]}}