{"id":5527,"date":"2021-07-28T18:30:27","date_gmt":"2021-07-28T15:30:27","guid":{"rendered":"https:\/\/mattress-fabrics.com\/?post_type=product&#038;p=5527"},"modified":"2026-04-08T00:29:49","modified_gmt":"2026-04-07T21:29:49","slug":"fr-foam","status":"publish","type":"product","link":"https:\/\/mattress-fabrics.com\/fr\/product\/fr-foam\/","title":{"rendered":"FR Foam"},"content":{"rendered":"","protected":false},"excerpt":{"rendered":"<table style=\"height: 62px;\" width=\"321\">\n<tbody>\n<tr>\n<td width=\"131\">Mousse ignifug\u00e9e.<\/td>\n<\/tr>\n<tr>\n<td>Option de 28 \u00e0 32 densit\u00e9s<\/td>\n<\/tr>\n<tr>\n<td>Exp\u00e9di\u00e9e en paquet press\u00e9 ou en rouleau.<\/td>\n<\/tr>\n<\/tbody>\n<\/table>\n","protected":false},"featured_media":5528,"template":"","meta":[],"product_cat":[230,232,240],"product_tag":[],"class_list":["post-5527","product","type-product","status-publish","has-post-thumbnail","hentry","product_cat-components","product_cat-foam","product_cat-fr-foam","pa_knitted-fabrics-1-100-pes","pa_knitted-fabrics-0-double-jersey","col-xs-6 col-sm-4","col-md-3 col-lg-3","un-4-cols"],"_links":{"self":[{"href":"https:\/\/mattress-fabrics.com\/fr\/wp-json\/wp\/v2\/product\/5527","targetHints":{"allow":["GET"]}}],"collection":[{"href":"https:\/\/mattress-fabrics.com\/fr\/wp-json\/wp\/v2\/product"}],"about":[{"href":"https:\/\/mattress-fabrics.com\/fr\/wp-json\/wp\/v2\/types\/product"}],"wp:featuredmedia":[{"embeddable":true,"href":"https:\/\/mattress-fabrics.com\/fr\/wp-json\/wp\/v2\/media\/5528"}],"wp:attachment":[{"href":"https:\/\/mattress-fabrics.com\/fr\/wp-json\/wp\/v2\/media?parent=5527"}],"wp:term":[{"taxonomy":"product_cat","embeddable":true,"href":"https:\/\/mattress-fabrics.com\/fr\/wp-json\/wp\/v2\/product_cat?post=5527"},{"taxonomy":"product_tag","embeddable":true,"href":"https:\/\/mattress-fabrics.com\/fr\/wp-json\/wp\/v2\/product_tag?post=5527"}],"curies":[{"name":"wp","href":"https:\/\/api.w.org\/{rel}","templated":true}]}}