{"id":5535,"date":"2021-07-27T18:30:19","date_gmt":"2021-07-27T15:30:19","guid":{"rendered":"https:\/\/mattress-fabrics.com\/?post_type=product&#038;p=5535"},"modified":"2026-04-08T00:29:49","modified_gmt":"2026-04-07T21:29:49","slug":"hr-foam","status":"publish","type":"product","link":"https:\/\/mattress-fabrics.com\/fr\/product\/hr-foam\/","title":{"rendered":"HR Foam"},"content":{"rendered":"","protected":false},"excerpt":{"rendered":"<table style=\"height: 165px;\" width=\"332\">\n<tbody>\n<tr>\n<td width=\"131\">Plus de flexibilit\u00e9 et de soutine par rapport aux mousses ordinaries<\/td>\n<\/tr>\n<tr>\n<td>Offre une utilisation facile dans tout les secteurs<\/td>\n<\/tr>\n<tr>\n<td>Options de production de 26 \u00e0 50 densit\u00e9s<\/td>\n<\/tr>\n<tr>\n<td>R\u00e9guli\u00e8rement produit en densit\u00e9 26<\/td>\n<\/tr>\n<\/tbody>\n<\/table>\n","protected":false},"featured_media":5536,"template":"","meta":[],"product_cat":[230,232,241],"product_tag":[],"class_list":["post-5535","product","type-product","status-publish","has-post-thumbnail","hentry","product_cat-components","product_cat-foam","product_cat-hr-foam","pa_knitted-fabrics-1-100-pes","pa_knitted-fabrics-0-double-jersey","col-xs-6 col-sm-4","col-md-3 col-lg-3","un-4-cols"],"_links":{"self":[{"href":"https:\/\/mattress-fabrics.com\/fr\/wp-json\/wp\/v2\/product\/5535","targetHints":{"allow":["GET"]}}],"collection":[{"href":"https:\/\/mattress-fabrics.com\/fr\/wp-json\/wp\/v2\/product"}],"about":[{"href":"https:\/\/mattress-fabrics.com\/fr\/wp-json\/wp\/v2\/types\/product"}],"wp:featuredmedia":[{"embeddable":true,"href":"https:\/\/mattress-fabrics.com\/fr\/wp-json\/wp\/v2\/media\/5536"}],"wp:attachment":[{"href":"https:\/\/mattress-fabrics.com\/fr\/wp-json\/wp\/v2\/media?parent=5535"}],"wp:term":[{"taxonomy":"product_cat","embeddable":true,"href":"https:\/\/mattress-fabrics.com\/fr\/wp-json\/wp\/v2\/product_cat?post=5535"},{"taxonomy":"product_tag","embeddable":true,"href":"https:\/\/mattress-fabrics.com\/fr\/wp-json\/wp\/v2\/product_tag?post=5535"}],"curies":[{"name":"wp","href":"https:\/\/api.w.org\/{rel}","templated":true}]}}