{"id":5543,"date":"2021-07-26T18:30:24","date_gmt":"2021-07-26T15:30:24","guid":{"rendered":"https:\/\/mattress-fabrics.com\/?post_type=product&#038;p=5543"},"modified":"2026-04-08T00:29:49","modified_gmt":"2026-04-07T21:29:49","slug":"latex-foam","status":"publish","type":"product","link":"https:\/\/mattress-fabrics.com\/fr\/product\/latex-foam\/","title":{"rendered":"Latex Foam"},"content":{"rendered":"","protected":false},"excerpt":{"rendered":"<table style=\"height: 27px;\" width=\"360\">\n<tbody>\n<tr>\n<td width=\"131\">Des mousses 100% latex ou m\u00e9lang\u00e9es \u00e0 du latex sont disponibles.<\/td>\n<\/tr>\n<\/tbody>\n<\/table>\n","protected":false},"featured_media":5544,"template":"","meta":[],"product_cat":[230,232,242],"product_tag":[],"class_list":["post-5543","product","type-product","status-publish","has-post-thumbnail","hentry","product_cat-components","product_cat-foam","product_cat-latex-foam","pa_knitted-fabrics-1-100-pes","pa_knitted-fabrics-0-double-jersey","col-xs-6 col-sm-4","col-md-3 col-lg-3","un-4-cols"],"_links":{"self":[{"href":"https:\/\/mattress-fabrics.com\/fr\/wp-json\/wp\/v2\/product\/5543","targetHints":{"allow":["GET"]}}],"collection":[{"href":"https:\/\/mattress-fabrics.com\/fr\/wp-json\/wp\/v2\/product"}],"about":[{"href":"https:\/\/mattress-fabrics.com\/fr\/wp-json\/wp\/v2\/types\/product"}],"wp:featuredmedia":[{"embeddable":true,"href":"https:\/\/mattress-fabrics.com\/fr\/wp-json\/wp\/v2\/media\/5544"}],"wp:attachment":[{"href":"https:\/\/mattress-fabrics.com\/fr\/wp-json\/wp\/v2\/media?parent=5543"}],"wp:term":[{"taxonomy":"product_cat","embeddable":true,"href":"https:\/\/mattress-fabrics.com\/fr\/wp-json\/wp\/v2\/product_cat?post=5543"},{"taxonomy":"product_tag","embeddable":true,"href":"https:\/\/mattress-fabrics.com\/fr\/wp-json\/wp\/v2\/product_tag?post=5543"}],"curies":[{"name":"wp","href":"https:\/\/api.w.org\/{rel}","templated":true}]}}