{"id":5570,"date":"2021-07-25T18:24:43","date_gmt":"2021-07-25T15:24:43","guid":{"rendered":"https:\/\/mattress-fabrics.com\/?post_type=product&#038;p=5570"},"modified":"2026-04-08T00:29:49","modified_gmt":"2026-04-07T21:29:49","slug":"felt-soft","status":"publish","type":"product","link":"https:\/\/mattress-fabrics.com\/fr\/product\/felt-soft\/","title":{"rendered":"Felt Soft"},"content":{"rendered":"","protected":false},"excerpt":{"rendered":"<table style=\"height: 89px;\" width=\"313\">\n<tbody>\n<tr>\n<td width=\"131\">Standard, jute, non-tiss\u00e9 ou diff\u00e9rentes sp\u00e9cifications sont disponibles.<\/td>\n<\/tr>\n<tr>\n<td>Diff\u00e9rentes \u00e9paisseurs, duret\u00e9s et \u00e9chelles de poids<\/td>\n<\/tr>\n<\/tbody>\n<\/table>\n","protected":false},"featured_media":5553,"template":"","meta":[],"product_cat":[230,233],"product_tag":[],"class_list":["post-5570","product","type-product","status-publish","has-post-thumbnail","hentry","product_cat-components","product_cat-felt","pa_knitted-fabrics-1-100-pes","pa_knitted-fabrics-0-double-jersey","col-xs-6 col-sm-4","col-md-3 col-lg-3","un-4-cols"],"_links":{"self":[{"href":"https:\/\/mattress-fabrics.com\/fr\/wp-json\/wp\/v2\/product\/5570","targetHints":{"allow":["GET"]}}],"collection":[{"href":"https:\/\/mattress-fabrics.com\/fr\/wp-json\/wp\/v2\/product"}],"about":[{"href":"https:\/\/mattress-fabrics.com\/fr\/wp-json\/wp\/v2\/types\/product"}],"wp:featuredmedia":[{"embeddable":true,"href":"https:\/\/mattress-fabrics.com\/fr\/wp-json\/wp\/v2\/media\/5553"}],"wp:attachment":[{"href":"https:\/\/mattress-fabrics.com\/fr\/wp-json\/wp\/v2\/media?parent=5570"}],"wp:term":[{"taxonomy":"product_cat","embeddable":true,"href":"https:\/\/mattress-fabrics.com\/fr\/wp-json\/wp\/v2\/product_cat?post=5570"},{"taxonomy":"product_tag","embeddable":true,"href":"https:\/\/mattress-fabrics.com\/fr\/wp-json\/wp\/v2\/product_tag?post=5570"}],"curies":[{"name":"wp","href":"https:\/\/api.w.org\/{rel}","templated":true}]}}