{"id":5601,"date":"2021-07-21T18:27:00","date_gmt":"2021-07-21T15:27:00","guid":{"rendered":"https:\/\/mattress-fabrics.com\/?post_type=product&#038;p=5601"},"modified":"2026-04-08T00:29:49","modified_gmt":"2026-04-07T21:29:49","slug":"atls-th-04","status":"publish","type":"product","link":"https:\/\/mattress-fabrics.com\/fr\/product\/atls-th-04\/","title":{"rendered":"ATLS-TH-04"},"content":{"rendered":"","protected":false},"excerpt":{"rendered":"<table style=\"height: 72px;\" width=\"334\">\n<tbody>\n<tr>\n<td width=\"131\">Convient \u00e0 diff\u00e9rents types de machines de matelassage, de machines \u00e0 ruban, \u00e0 bordure ou \u00e0 surjet.<\/td>\n<\/tr>\n<tr>\n<td>Haute qualit\u00e9, structure de fibre solide<\/td>\n<\/tr>\n<tr>\n<td>Diff\u00e9rentes qualit\u00e9s telles que le filament continu, semi-transparent, fil\u00e9 sont disponibles.<\/td>\n<\/tr>\n<\/tbody>\n<\/table>\n","protected":false},"featured_media":5594,"template":"","meta":[],"product_cat":[230,236],"product_tag":[],"class_list":["post-5601","product","type-product","status-publish","has-post-thumbnail","hentry","product_cat-components","product_cat-threads","pa_knitted-fabrics-1-100-pes","pa_knitted-fabrics-0-double-jersey","col-xs-6 col-sm-4","col-md-3 col-lg-3","un-4-cols"],"_links":{"self":[{"href":"https:\/\/mattress-fabrics.com\/fr\/wp-json\/wp\/v2\/product\/5601","targetHints":{"allow":["GET"]}}],"collection":[{"href":"https:\/\/mattress-fabrics.com\/fr\/wp-json\/wp\/v2\/product"}],"about":[{"href":"https:\/\/mattress-fabrics.com\/fr\/wp-json\/wp\/v2\/types\/product"}],"wp:featuredmedia":[{"embeddable":true,"href":"https:\/\/mattress-fabrics.com\/fr\/wp-json\/wp\/v2\/media\/5594"}],"wp:attachment":[{"href":"https:\/\/mattress-fabrics.com\/fr\/wp-json\/wp\/v2\/media?parent=5601"}],"wp:term":[{"taxonomy":"product_cat","embeddable":true,"href":"https:\/\/mattress-fabrics.com\/fr\/wp-json\/wp\/v2\/product_cat?post=5601"},{"taxonomy":"product_tag","embeddable":true,"href":"https:\/\/mattress-fabrics.com\/fr\/wp-json\/wp\/v2\/product_tag?post=5601"}],"curies":[{"name":"wp","href":"https:\/\/api.w.org\/{rel}","templated":true}]}}