{"id":5606,"date":"2021-07-20T18:30:19","date_gmt":"2021-07-20T15:30:19","guid":{"rendered":"http:\/\/mattress-fabrics.com\/?post_type=product&#038;p=5606"},"modified":"2026-04-08T00:29:50","modified_gmt":"2026-04-07T21:29:50","slug":"mattress-bags-1","status":"publish","type":"product","link":"https:\/\/mattress-fabrics.com\/fr\/product\/mattress-bags-1\/","title":{"rendered":"Mattress Bags 1"},"content":{"rendered":"","protected":false},"excerpt":{"rendered":"<table style=\"height: 163px;\" width=\"328\">\n<tbody>\n<tr>\n<td width=\"131\">Diff\u00e9rentes options de couleurs et longueur de rouleau<\/td>\n<\/tr>\n<tr>\n<td>L&rsquo;\u00e9chelle de largeur est de 10 cm \u00e0 350 cm<\/td>\n<\/tr>\n<tr>\n<td>L&rsquo;\u00e9chelle d&rsquo;\u00e9paisseur de 15 microns \u00e0 200 microns \/ 0,6 mm \u00e0 7,5 mm.<\/td>\n<\/tr>\n<tr>\n<td>Perforation disponible<\/td>\n<\/tr>\n<tr>\n<td>Options imprim\u00e9es ou non imprim\u00e9es<\/td>\n<\/tr>\n<tr>\n<td>Possibilit\u00e9 d&rsquo;ajouter des caract\u00e9ristiques anti-UV, antid\u00e9rapantes et antistatiques.<\/td>\n<\/tr>\n<\/tbody>\n<\/table>\n<p><a href=\"http:\/\/mattress-fabrics.com\/wp-content\/uploads\/2021\/08\/Mattress-Bags-4.jpg\"><img loading=\"lazy\" decoding=\"async\" class=\"alignnone wp-image-5610 size-full\" src=\"http:\/\/mattress-fabrics.com\/wp-content\/uploads\/2021\/08\/Mattress-Bags-4.jpg\" alt=\"\" width=\"619\" height=\"167\" srcset=\"https:\/\/mattress-fabrics.com\/wp-content\/uploads\/2021\/08\/Mattress-Bags-4.jpg 619w, https:\/\/mattress-fabrics.com\/wp-content\/uploads\/2021\/08\/Mattress-Bags-4-300x81.jpg 300w, https:\/\/mattress-fabrics.com\/wp-content\/uploads\/2021\/08\/Mattress-Bags-4-370x100.jpg 370w, https:\/\/mattress-fabrics.com\/wp-content\/uploads\/2021\/08\/Mattress-Bags-4-600x162.jpg 600w\" sizes=\"auto, (max-width: 619px) 100vw, 619px\" \/><\/a><\/p>\n","protected":false},"featured_media":5608,"template":"","meta":[],"product_cat":[230,247,237],"product_tag":[],"class_list":["post-5606","product","type-product","status-publish","has-post-thumbnail","hentry","product_cat-components","product_cat-mattress-bags","product_cat-packaging-plastics","pa_knitted-fabrics-1-100-pes","pa_knitted-fabrics-0-double-jersey","col-xs-6 col-sm-4","col-md-3 col-lg-3","un-4-cols"],"_links":{"self":[{"href":"https:\/\/mattress-fabrics.com\/fr\/wp-json\/wp\/v2\/product\/5606","targetHints":{"allow":["GET"]}}],"collection":[{"href":"https:\/\/mattress-fabrics.com\/fr\/wp-json\/wp\/v2\/product"}],"about":[{"href":"https:\/\/mattress-fabrics.com\/fr\/wp-json\/wp\/v2\/types\/product"}],"wp:featuredmedia":[{"embeddable":true,"href":"https:\/\/mattress-fabrics.com\/fr\/wp-json\/wp\/v2\/media\/5608"}],"wp:attachment":[{"href":"https:\/\/mattress-fabrics.com\/fr\/wp-json\/wp\/v2\/media?parent=5606"}],"wp:term":[{"taxonomy":"product_cat","embeddable":true,"href":"https:\/\/mattress-fabrics.com\/fr\/wp-json\/wp\/v2\/product_cat?post=5606"},{"taxonomy":"product_tag","embeddable":true,"href":"https:\/\/mattress-fabrics.com\/fr\/wp-json\/wp\/v2\/product_tag?post=5606"}],"curies":[{"name":"wp","href":"https:\/\/api.w.org\/{rel}","templated":true}]}}