{"id":5615,"date":"2021-07-18T18:30:23","date_gmt":"2021-07-18T15:30:23","guid":{"rendered":"http:\/\/mattress-fabrics.com\/?post_type=product&#038;p=5615"},"modified":"2026-04-08T00:29:50","modified_gmt":"2026-04-07T21:29:50","slug":"solvent-based-glue","status":"publish","type":"product","link":"https:\/\/mattress-fabrics.com\/fr\/product\/solvent-based-glue\/","title":{"rendered":"Solvent Based Glue"},"content":{"rendered":"","protected":false},"excerpt":{"rendered":"<table style=\"height: 68px;\" width=\"313\">\n<tbody>\n<tr>\n<td width=\"131\">Diff\u00e9rents contenus solides et viscosit\u00e9s<\/td>\n<\/tr>\n<tr>\n<td>Non inflammable<\/td>\n<\/tr>\n<tr>\n<td>Options de couleur rouge ou jaune<\/td>\n<\/tr>\n<tr>\n<td>Capacit\u00e9 de 240 kg \u00e0 15 kg par f\u00fbt.<\/td>\n<\/tr>\n<\/tbody>\n<\/table>\n<p>&nbsp;<\/p>\n","protected":false},"featured_media":5616,"template":"","meta":[],"product_cat":[230,238,245],"product_tag":[],"class_list":["post-5615","product","type-product","status-publish","has-post-thumbnail","hentry","product_cat-components","product_cat-glue","product_cat-solvent","pa_knitted-fabrics-1-100-pes","pa_knitted-fabrics-0-double-jersey","col-xs-6 col-sm-4","col-md-3 col-lg-3","un-4-cols"],"_links":{"self":[{"href":"https:\/\/mattress-fabrics.com\/fr\/wp-json\/wp\/v2\/product\/5615","targetHints":{"allow":["GET"]}}],"collection":[{"href":"https:\/\/mattress-fabrics.com\/fr\/wp-json\/wp\/v2\/product"}],"about":[{"href":"https:\/\/mattress-fabrics.com\/fr\/wp-json\/wp\/v2\/types\/product"}],"wp:featuredmedia":[{"embeddable":true,"href":"https:\/\/mattress-fabrics.com\/fr\/wp-json\/wp\/v2\/media\/5616"}],"wp:attachment":[{"href":"https:\/\/mattress-fabrics.com\/fr\/wp-json\/wp\/v2\/media?parent=5615"}],"wp:term":[{"taxonomy":"product_cat","embeddable":true,"href":"https:\/\/mattress-fabrics.com\/fr\/wp-json\/wp\/v2\/product_cat?post=5615"},{"taxonomy":"product_tag","embeddable":true,"href":"https:\/\/mattress-fabrics.com\/fr\/wp-json\/wp\/v2\/product_tag?post=5615"}],"curies":[{"name":"wp","href":"https:\/\/api.w.org\/{rel}","templated":true}]}}