{"id":5661,"date":"2021-07-15T18:30:21","date_gmt":"2021-07-15T15:30:21","guid":{"rendered":"http:\/\/mattress-fabrics.com\/?post_type=product&#038;p=5661"},"modified":"2026-04-08T00:29:51","modified_gmt":"2026-04-07T21:29:51","slug":"sateen-atls-sal-001","status":"publish","type":"product","link":"https:\/\/mattress-fabrics.com\/fr\/product\/sateen-atls-sal-001\/","title":{"rendered":"Sateen ATLS-SAL-001"},"content":{"rendered":"","protected":false},"excerpt":{"rendered":"<table style=\"border-collapse: collapse; width: 309px; height: 35px;\" border=\"0\" width=\"88\" cellspacing=\"0\" cellpadding=\"0\">\n<tbody>\n<tr style=\"height: 15.0pt;\">\n<td class=\"xl64\" style=\"height: 15.0pt; width: 88pt;\" width=\"88\" height=\"15\">Les \u00e9tiquettes en satin sont pr\u00e9f\u00e9r\u00e9es pour leur surface soyeuse.<\/td>\n<\/tr>\n<\/tbody>\n<\/table>\n","protected":false},"featured_media":5662,"template":"","meta":[],"product_cat":[252,254,258],"product_tag":[],"class_list":["post-5661","product","type-product","status-publish","has-post-thumbnail","hentry","product_cat-accessories","product_cat-labels","product_cat-sateen","pa_knitted-fabrics-1-100-pes","pa_knitted-fabrics-0-double-jersey","col-xs-6 col-sm-4","col-md-3 col-lg-3","un-4-cols"],"_links":{"self":[{"href":"https:\/\/mattress-fabrics.com\/fr\/wp-json\/wp\/v2\/product\/5661","targetHints":{"allow":["GET"]}}],"collection":[{"href":"https:\/\/mattress-fabrics.com\/fr\/wp-json\/wp\/v2\/product"}],"about":[{"href":"https:\/\/mattress-fabrics.com\/fr\/wp-json\/wp\/v2\/types\/product"}],"wp:featuredmedia":[{"embeddable":true,"href":"https:\/\/mattress-fabrics.com\/fr\/wp-json\/wp\/v2\/media\/5662"}],"wp:attachment":[{"href":"https:\/\/mattress-fabrics.com\/fr\/wp-json\/wp\/v2\/media?parent=5661"}],"wp:term":[{"taxonomy":"product_cat","embeddable":true,"href":"https:\/\/mattress-fabrics.com\/fr\/wp-json\/wp\/v2\/product_cat?post=5661"},{"taxonomy":"product_tag","embeddable":true,"href":"https:\/\/mattress-fabrics.com\/fr\/wp-json\/wp\/v2\/product_tag?post=5661"}],"curies":[{"name":"wp","href":"https:\/\/api.w.org\/{rel}","templated":true}]}}