{"id":5750,"date":"2021-07-13T18:15:22","date_gmt":"2021-07-13T15:15:22","guid":{"rendered":"http:\/\/mattress-fabrics.com\/?post_type=product&#038;p=5750"},"modified":"2026-04-08T00:29:52","modified_gmt":"2026-04-07T21:29:52","slug":"embroidery-atls-emb-015","status":"publish","type":"product","link":"https:\/\/mattress-fabrics.com\/fr\/product\/embroidery-atls-emb-015\/","title":{"rendered":"Embroidery ATLS-EMB-015"},"content":{"rendered":"","protected":false},"excerpt":{"rendered":"<table style=\"height: 16px;\" width=\"529\">\n<tbody>\n<tr>\n<td colspan=\"11\" width=\"968\">Diff\u00e9rents types d&rsquo;\u00e9tiquettes \u00e0 broder sont disponibles sur notre site web.<\/td>\n<\/tr>\n<\/tbody>\n<\/table>\n","protected":false},"featured_media":5734,"template":"","meta":[],"product_cat":[252,260,254],"product_tag":[],"class_list":["post-5750","product","type-product","status-publish","has-post-thumbnail","hentry","product_cat-accessories","product_cat-embroidery","product_cat-labels","pa_knitted-fabrics-1-100-pes","pa_knitted-fabrics-0-double-jersey","col-xs-6 col-sm-4","col-md-3 col-lg-3","un-4-cols"],"_links":{"self":[{"href":"https:\/\/mattress-fabrics.com\/fr\/wp-json\/wp\/v2\/product\/5750","targetHints":{"allow":["GET"]}}],"collection":[{"href":"https:\/\/mattress-fabrics.com\/fr\/wp-json\/wp\/v2\/product"}],"about":[{"href":"https:\/\/mattress-fabrics.com\/fr\/wp-json\/wp\/v2\/types\/product"}],"wp:featuredmedia":[{"embeddable":true,"href":"https:\/\/mattress-fabrics.com\/fr\/wp-json\/wp\/v2\/media\/5734"}],"wp:attachment":[{"href":"https:\/\/mattress-fabrics.com\/fr\/wp-json\/wp\/v2\/media?parent=5750"}],"wp:term":[{"taxonomy":"product_cat","embeddable":true,"href":"https:\/\/mattress-fabrics.com\/fr\/wp-json\/wp\/v2\/product_cat?post=5750"},{"taxonomy":"product_tag","embeddable":true,"href":"https:\/\/mattress-fabrics.com\/fr\/wp-json\/wp\/v2\/product_tag?post=5750"}],"curies":[{"name":"wp","href":"https:\/\/api.w.org\/{rel}","templated":true}]}}