{"id":5953,"date":"2021-07-09T18:24:19","date_gmt":"2021-07-09T15:24:19","guid":{"rendered":"http:\/\/mattress-fabrics.com\/?post_type=product&#038;p=5953"},"modified":"2026-04-08T00:29:54","modified_gmt":"2026-04-07T21:29:54","slug":"atls-nv-07","status":"publish","type":"product","link":"https:\/\/mattress-fabrics.com\/fr\/product\/atls-nv-07\/","title":{"rendered":"ATLS-NV-07"},"content":{"rendered":"","protected":false},"excerpt":{"rendered":"<table style=\"height: 202px;\" width=\"360\">\n<tbody>\n<tr>\n<td width=\"115\">Peut \u00eatre produit pour les oreillers, les matelas, les housses de matelas et les prot\u00e8ge-matelas.<\/td>\n<\/tr>\n<tr>\n<td>Fabriqu\u00e9s en non-tiss\u00e9, en plastique et en divers mat\u00e9riaux selon les demandes du client.<\/td>\n<\/tr>\n<tr>\n<td>Tout logo et toute taille sont disponibles.<\/td>\n<\/tr>\n<\/tbody>\n<\/table>\n","protected":false},"featured_media":5935,"template":"","meta":[],"product_cat":[262,261],"product_tag":[],"class_list":["post-5953","product","type-product","status-publish","has-post-thumbnail","hentry","product_cat-pvc-ldpe-non-woven-bags","product_cat-semi-finished-product","pa_knitted-fabrics-1-100-pes","pa_knitted-fabrics-0-double-jersey","col-xs-6 col-sm-4","col-md-3 col-lg-3","un-4-cols"],"_links":{"self":[{"href":"https:\/\/mattress-fabrics.com\/fr\/wp-json\/wp\/v2\/product\/5953","targetHints":{"allow":["GET"]}}],"collection":[{"href":"https:\/\/mattress-fabrics.com\/fr\/wp-json\/wp\/v2\/product"}],"about":[{"href":"https:\/\/mattress-fabrics.com\/fr\/wp-json\/wp\/v2\/types\/product"}],"wp:featuredmedia":[{"embeddable":true,"href":"https:\/\/mattress-fabrics.com\/fr\/wp-json\/wp\/v2\/media\/5935"}],"wp:attachment":[{"href":"https:\/\/mattress-fabrics.com\/fr\/wp-json\/wp\/v2\/media?parent=5953"}],"wp:term":[{"taxonomy":"product_cat","embeddable":true,"href":"https:\/\/mattress-fabrics.com\/fr\/wp-json\/wp\/v2\/product_cat?post=5953"},{"taxonomy":"product_tag","embeddable":true,"href":"https:\/\/mattress-fabrics.com\/fr\/wp-json\/wp\/v2\/product_tag?post=5953"}],"curies":[{"name":"wp","href":"https:\/\/api.w.org\/{rel}","templated":true}]}}