{"id":6008,"date":"2021-07-08T18:15:30","date_gmt":"2021-07-08T15:15:30","guid":{"rendered":"http:\/\/mattress-fabrics.com\/?post_type=product&#038;p=6008"},"modified":"2026-04-08T00:29:54","modified_gmt":"2026-04-07T21:29:54","slug":"atls-mc-16","status":"publish","type":"product","link":"https:\/\/mattress-fabrics.com\/fr\/product\/atls-mc-16\/","title":{"rendered":"ATLS-MC-16"},"content":{"rendered":"","protected":false},"excerpt":{"rendered":"<table style=\"height: 104px;\" width=\"323\">\n<tbody>\n<tr>\n<td width=\"115\">Toutes les tailles, couleurs et mod\u00e8les sont possibles.<\/td>\n<\/tr>\n<tr>\n<td>Produits de haute qualit\u00e9<\/td>\n<\/tr>\n<tr>\n<td>Contr\u00f4les de qualit\u00e9 exp\u00e9riment\u00e9s<\/td>\n<\/tr>\n<\/tbody>\n<\/table>\n","protected":false},"featured_media":5982,"template":"","meta":[],"product_cat":[263,261],"product_tag":[],"class_list":["post-6008","product","type-product","status-publish","has-post-thumbnail","hentry","product_cat-mattress-covers","product_cat-semi-finished-product","pa_knitted-fabrics-1-100-pes","pa_knitted-fabrics-0-double-jersey","col-xs-6 col-sm-4","col-md-3 col-lg-3","un-4-cols"],"_links":{"self":[{"href":"https:\/\/mattress-fabrics.com\/fr\/wp-json\/wp\/v2\/product\/6008","targetHints":{"allow":["GET"]}}],"collection":[{"href":"https:\/\/mattress-fabrics.com\/fr\/wp-json\/wp\/v2\/product"}],"about":[{"href":"https:\/\/mattress-fabrics.com\/fr\/wp-json\/wp\/v2\/types\/product"}],"wp:featuredmedia":[{"embeddable":true,"href":"https:\/\/mattress-fabrics.com\/fr\/wp-json\/wp\/v2\/media\/5982"}],"wp:attachment":[{"href":"https:\/\/mattress-fabrics.com\/fr\/wp-json\/wp\/v2\/media?parent=6008"}],"wp:term":[{"taxonomy":"product_cat","embeddable":true,"href":"https:\/\/mattress-fabrics.com\/fr\/wp-json\/wp\/v2\/product_cat?post=6008"},{"taxonomy":"product_tag","embeddable":true,"href":"https:\/\/mattress-fabrics.com\/fr\/wp-json\/wp\/v2\/product_tag?post=6008"}],"curies":[{"name":"wp","href":"https:\/\/api.w.org\/{rel}","templated":true}]}}