{"id":6916,"date":"2022-03-25T10:45:32","date_gmt":"2022-03-25T07:45:32","guid":{"rendered":"https:\/\/mattress-fabrics.com\/?post_type=product&#038;p=6916"},"modified":"2026-04-08T00:29:38","modified_gmt":"2026-04-07T21:29:38","slug":"atls-ftb-09","status":"publish","type":"product","link":"https:\/\/mattress-fabrics.com\/fr\/product\/atls-ftb-09\/","title":{"rendered":"ATLS-FTB-09"},"content":{"rendered":"","protected":false},"excerpt":{"rendered":"<table style=\"height: 129px;\" width=\"339\">\n<tbody>\n<tr>\n<td width=\"136\">Produits de fils de qualit\u00e9 Pes\/PP<\/td>\n<\/tr>\n<tr>\n<td>Adapt\u00e9 \u00e0 la production de base et frontali\u00e8re<\/td>\n<\/tr>\n<tr>\n<td>210 cm largeur pour secteur des matelas<\/td>\n<\/tr>\n<tr>\n<td>Diff\u00e9rentes options de design et de couleur<\/td>\n<\/tr>\n<\/tbody>\n<\/table>\n","protected":false},"featured_media":6947,"template":"","meta":[],"product_cat":[224,220],"product_tag":[],"class_list":["post-6916","product","type-product","status-publish","has-post-thumbnail","hentry","product_cat-bed-base-border","product_cat-woven-fabrics","pa_woven-fabrics-bed-base-border","col-xs-6 col-sm-4","col-md-3 col-lg-3","un-4-cols"],"_links":{"self":[{"href":"https:\/\/mattress-fabrics.com\/fr\/wp-json\/wp\/v2\/product\/6916","targetHints":{"allow":["GET"]}}],"collection":[{"href":"https:\/\/mattress-fabrics.com\/fr\/wp-json\/wp\/v2\/product"}],"about":[{"href":"https:\/\/mattress-fabrics.com\/fr\/wp-json\/wp\/v2\/types\/product"}],"wp:featuredmedia":[{"embeddable":true,"href":"https:\/\/mattress-fabrics.com\/fr\/wp-json\/wp\/v2\/media\/6947"}],"wp:attachment":[{"href":"https:\/\/mattress-fabrics.com\/fr\/wp-json\/wp\/v2\/media?parent=6916"}],"wp:term":[{"taxonomy":"product_cat","embeddable":true,"href":"https:\/\/mattress-fabrics.com\/fr\/wp-json\/wp\/v2\/product_cat?post=6916"},{"taxonomy":"product_tag","embeddable":true,"href":"https:\/\/mattress-fabrics.com\/fr\/wp-json\/wp\/v2\/product_tag?post=6916"}],"curies":[{"name":"wp","href":"https:\/\/api.w.org\/{rel}","templated":true}]}}