{"id":6959,"date":"2022-03-25T11:24:29","date_gmt":"2022-03-25T08:24:29","guid":{"rendered":"https:\/\/mattress-fabrics.com\/?post_type=product&#038;p=6959"},"modified":"2026-04-08T00:29:37","modified_gmt":"2026-04-07T21:29:37","slug":"atls-csl-04","status":"publish","type":"product","link":"https:\/\/mattress-fabrics.com\/fr\/product\/atls-csl-04\/","title":{"rendered":"ATLS-CSL-04"},"content":{"rendered":"","protected":false},"excerpt":{"rendered":"<table style=\"height: 129px;\" width=\"339\">\n<tbody>\n<tr>\n<td width=\"136\">Produits de fils de qualit\u00e9 Pes\/PP<\/td>\n<\/tr>\n<tr>\n<td>Adapt\u00e9 \u00e0 la production de base et frontali\u00e8re<\/td>\n<\/tr>\n<tr>\n<td>210 cm largeur pour secteur des matelas<\/td>\n<\/tr>\n<tr>\n<td>Diff\u00e9rentes options de design et de couleur<\/td>\n<\/tr>\n<\/tbody>\n<\/table>\n","protected":false},"featured_media":6960,"template":"","meta":[],"product_cat":[224,220],"product_tag":[],"class_list":["post-6959","product","type-product","status-publish","has-post-thumbnail","hentry","product_cat-bed-base-border","product_cat-woven-fabrics","pa_woven-fabrics-bed-base-border","col-xs-6 col-sm-4","col-md-3 col-lg-3","un-4-cols"],"_links":{"self":[{"href":"https:\/\/mattress-fabrics.com\/fr\/wp-json\/wp\/v2\/product\/6959","targetHints":{"allow":["GET"]}}],"collection":[{"href":"https:\/\/mattress-fabrics.com\/fr\/wp-json\/wp\/v2\/product"}],"about":[{"href":"https:\/\/mattress-fabrics.com\/fr\/wp-json\/wp\/v2\/types\/product"}],"wp:featuredmedia":[{"embeddable":true,"href":"https:\/\/mattress-fabrics.com\/fr\/wp-json\/wp\/v2\/media\/6960"}],"wp:attachment":[{"href":"https:\/\/mattress-fabrics.com\/fr\/wp-json\/wp\/v2\/media?parent=6959"}],"wp:term":[{"taxonomy":"product_cat","embeddable":true,"href":"https:\/\/mattress-fabrics.com\/fr\/wp-json\/wp\/v2\/product_cat?post=6959"},{"taxonomy":"product_tag","embeddable":true,"href":"https:\/\/mattress-fabrics.com\/fr\/wp-json\/wp\/v2\/product_tag?post=6959"}],"curies":[{"name":"wp","href":"https:\/\/api.w.org\/{rel}","templated":true}]}}