{"id":6978,"date":"2022-03-25T13:56:07","date_gmt":"2022-03-25T10:56:07","guid":{"rendered":"https:\/\/mattress-fabrics.com\/?post_type=product&#038;p=6978"},"modified":"2026-04-08T00:29:37","modified_gmt":"2026-04-07T21:29:37","slug":"rebounded-foam","status":"publish","type":"product","link":"https:\/\/mattress-fabrics.com\/fr\/product\/rebounded-foam\/","title":{"rendered":"Rebounded Foam"},"content":{"rendered":"","protected":false},"excerpt":{"rendered":"<table style=\"height: 150px;\" width=\"318\">\n<tbody>\n<tr>\n<td width=\"131\">Recoll\u00e9s sous pression m\u00e9canique en de nouveaux blocs Mousse haute densit\u00e9<\/td>\n<\/tr>\n<tr>\n<td>Peut \u00eatre coup\u00e9e \u00e0 la longueur et \u00e0 la largeur souhait\u00e9es.<\/td>\n<\/tr>\n<tr>\n<td>Des mousses rebondies de 50 et 60 dns sont disponibles.<\/td>\n<\/tr>\n<\/tbody>\n<\/table>\n","protected":false},"featured_media":6980,"template":"","meta":[],"product_cat":[230,232,337],"product_tag":[],"class_list":["post-6978","product","type-product","status-publish","has-post-thumbnail","hentry","product_cat-components","product_cat-foam","product_cat-rebounded-foam","pa_knitted-fabrics-1-100-pes","pa_knitted-fabrics-0-double-jersey","col-xs-6 col-sm-4","col-md-3 col-lg-3","un-4-cols"],"_links":{"self":[{"href":"https:\/\/mattress-fabrics.com\/fr\/wp-json\/wp\/v2\/product\/6978","targetHints":{"allow":["GET"]}}],"collection":[{"href":"https:\/\/mattress-fabrics.com\/fr\/wp-json\/wp\/v2\/product"}],"about":[{"href":"https:\/\/mattress-fabrics.com\/fr\/wp-json\/wp\/v2\/types\/product"}],"wp:featuredmedia":[{"embeddable":true,"href":"https:\/\/mattress-fabrics.com\/fr\/wp-json\/wp\/v2\/media\/6980"}],"wp:attachment":[{"href":"https:\/\/mattress-fabrics.com\/fr\/wp-json\/wp\/v2\/media?parent=6978"}],"wp:term":[{"taxonomy":"product_cat","embeddable":true,"href":"https:\/\/mattress-fabrics.com\/fr\/wp-json\/wp\/v2\/product_cat?post=6978"},{"taxonomy":"product_tag","embeddable":true,"href":"https:\/\/mattress-fabrics.com\/fr\/wp-json\/wp\/v2\/product_tag?post=6978"}],"curies":[{"name":"wp","href":"https:\/\/api.w.org\/{rel}","templated":true}]}}