{"id":6994,"date":"2022-03-25T14:53:08","date_gmt":"2022-03-25T11:53:08","guid":{"rendered":"https:\/\/mattress-fabrics.com\/?post_type=product&#038;p=6994"},"modified":"2026-04-08T00:29:37","modified_gmt":"2026-04-07T21:29:37","slug":"waterproof-fabrics-04","status":"publish","type":"product","link":"https:\/\/mattress-fabrics.com\/fr\/product\/waterproof-fabrics-04\/","title":{"rendered":"Waterproof Fabrics 04"},"content":{"rendered":"","protected":false},"excerpt":{"rendered":"<table width=\"700\">\n<tbody>\n<tr>\n<td colspan=\"11\" width=\"700\">Tissus imperm\u00e9ables et respirants.<\/td>\n<\/tr>\n<tr>\n<td colspan=\"11\" width=\"700\">Convient aux matelas d&rsquo;h\u00f4pitaux ou de b\u00e9b\u00e9s.<\/td>\n<\/tr>\n<tr>\n<td colspan=\"11\" width=\"700\">Diff\u00e9rentes options de design sont disponibles.<\/td>\n<\/tr>\n<tr>\n<td colspan=\"11\" width=\"700\">Texture douce avec son effet velours.<\/td>\n<\/tr>\n<tr>\n<td colspan=\"11\" width=\"700\">Lamin\u00e9 avec de la membrane<\/td>\n<\/tr>\n<\/tbody>\n<\/table>\n","protected":false},"featured_media":6995,"template":"","meta":[],"product_cat":[206,205,338],"product_tag":[],"class_list":["post-6994","product","type-product","status-publish","has-post-thumbnail","hentry","product_cat-double-jersey","product_cat-knitted-fabrics","product_cat-waterproof-fabrics","pa_knitted-fabrics-4-electronic-designs","pa_knitted-fabrics-0-double-jersey","col-xs-6 col-sm-4","col-md-3 col-lg-3","un-4-cols"],"_links":{"self":[{"href":"https:\/\/mattress-fabrics.com\/fr\/wp-json\/wp\/v2\/product\/6994","targetHints":{"allow":["GET"]}}],"collection":[{"href":"https:\/\/mattress-fabrics.com\/fr\/wp-json\/wp\/v2\/product"}],"about":[{"href":"https:\/\/mattress-fabrics.com\/fr\/wp-json\/wp\/v2\/types\/product"}],"wp:featuredmedia":[{"embeddable":true,"href":"https:\/\/mattress-fabrics.com\/fr\/wp-json\/wp\/v2\/media\/6995"}],"wp:attachment":[{"href":"https:\/\/mattress-fabrics.com\/fr\/wp-json\/wp\/v2\/media?parent=6994"}],"wp:term":[{"taxonomy":"product_cat","embeddable":true,"href":"https:\/\/mattress-fabrics.com\/fr\/wp-json\/wp\/v2\/product_cat?post=6994"},{"taxonomy":"product_tag","embeddable":true,"href":"https:\/\/mattress-fabrics.com\/fr\/wp-json\/wp\/v2\/product_tag?post=6994"}],"curies":[{"name":"wp","href":"https:\/\/api.w.org\/{rel}","templated":true}]}}